{"id":144494,"date":"2023-12-13T04:28:53","date_gmt":"2023-12-13T03:28:53","guid":{"rendered":"https:\/\/patriam.se\/flexibel-inflyttning-fram-till-midsommar-2024\/"},"modified":"2024-04-08T14:17:35","modified_gmt":"2024-04-08T12:17:35","slug":"flexibel-inflyttning-fram-till-midsommar-2024","status":"publish","type":"page","link":"https:\/\/patriam.se\/en\/flexibel-inflyttning-fram-till-midsommar-2024\/","title":{"rendered":"Flexibel inflyttning fram till sommaren 2024"},"content":{"rendered":"<p>&nbsp;<\/p>\n<p>Vi vill att det ska vara enkelt att hitta hem till Patriam Torsvik. Men vi vet ocks\u00e5 att saker kan komma emellan. Livet till exempel. D\u00e4rf\u00f6r erbjuder vi flexibel inflyttning fram till sommaren 2024. Det ger dig m\u00f6jlighet att s\u00e4lja i lugn och ro \u2013 eller skapa lite st\u00f6rre utrymme f\u00f6r att f\u00e5 ihop livspusslet. Innan det \u00e4r dags att flytta in i din nya dr\u00f6ml\u00e4genhet.<\/p>\n<p>L\u00e4s mer\u00a0<a href=\"\/vara-bostader\/patriam-torsvik\/\"><b>h\u00e4r<\/b><\/a>\u00a0om Patriam Torsvik.<\/p>\n","protected":false},"excerpt":{"rendered":"<p>&nbsp; Vi vill att det ska vara enkelt att hitta hem till Patriam Torsvik. Men vi vet ocks\u00e5 att saker kan komma emellan. Livet till exempel. D\u00e4rf\u00f6r erbjuder vi flexibel inflyttning fram till sommaren 2024. Det ger dig m\u00f6jlighet att s\u00e4lja i lugn och ro \u2013 eller skapa lite st\u00f6rre utrymme f\u00f6r att f\u00e5 ihop [&hellip;]<\/p>\n","protected":false},"author":1,"featured_media":0,"parent":0,"menu_order":0,"comment_status":"closed","ping_status":"closed","template":"page-new.php","meta":{"_acf_changed":false,"footnotes":""},"class_list":["post-144494","page","type-page","status-publish","hentry"],"acf":[],"yoast_head":"<!-- This site is optimized with the Yoast SEO plugin v27.4 - https:\/\/yoast.com\/product\/yoast-seo-wordpress\/ -->\n<title>Flexibel inflyttning fram till sommaren 2024 - Patriam<\/title>\n<meta name=\"robots\" content=\"index, follow, max-snippet:-1, max-image-preview:large, max-video-preview:-1\" \/>\n<link rel=\"canonical\" href=\"https:\/\/patriam.se\/en\/flexibel-inflyttning-fram-till-midsommar-2024\/\" \/>\n<meta property=\"og:locale\" content=\"en_US\" \/>\n<meta property=\"og:type\" content=\"article\" \/>\n<meta property=\"og:title\" content=\"Flexibel inflyttning fram till sommaren 2024 - Patriam\" \/>\n<meta property=\"og:description\" content=\"&nbsp; Vi vill att det ska vara enkelt att hitta hem till Patriam Torsvik. Men vi vet ocks\u00e5 att saker kan komma emellan. Livet till exempel. D\u00e4rf\u00f6r erbjuder vi flexibel inflyttning fram till sommaren 2024. Det ger dig m\u00f6jlighet att s\u00e4lja i lugn och ro \u2013 eller skapa lite st\u00f6rre utrymme f\u00f6r att f\u00e5 ihop [&hellip;]\" \/>\n<meta property=\"og:url\" content=\"https:\/\/patriam.se\/en\/flexibel-inflyttning-fram-till-midsommar-2024\/\" \/>\n<meta property=\"og:site_name\" content=\"Patriam\" \/>\n<meta property=\"article:modified_time\" content=\"2024-04-08T12:17:35+00:00\" \/>\n<meta name=\"twitter:card\" content=\"summary_large_image\" \/>\n<meta name=\"twitter:label1\" content=\"Est. reading time\" \/>\n\t<meta name=\"twitter:data1\" content=\"1 minute\" \/>\n<script type=\"application\/ld+json\" class=\"yoast-schema-graph\">{\"@context\":\"https:\\\/\\\/schema.org\",\"@graph\":[{\"@type\":\"WebPage\",\"@id\":\"https:\\\/\\\/patriam.se\\\/en\\\/flexibel-inflyttning-fram-till-midsommar-2024\\\/\",\"url\":\"https:\\\/\\\/patriam.se\\\/en\\\/flexibel-inflyttning-fram-till-midsommar-2024\\\/\",\"name\":\"Flexibel inflyttning fram till sommaren 2024 - Patriam\",\"isPartOf\":{\"@id\":\"https:\\\/\\\/patriam.se\\\/#website\"},\"datePublished\":\"2023-12-13T03:28:53+00:00\",\"dateModified\":\"2024-04-08T12:17:35+00:00\",\"breadcrumb\":{\"@id\":\"https:\\\/\\\/patriam.se\\\/en\\\/flexibel-inflyttning-fram-till-midsommar-2024\\\/#breadcrumb\"},\"inLanguage\":\"en-US\",\"potentialAction\":[{\"@type\":\"ReadAction\",\"target\":[\"https:\\\/\\\/patriam.se\\\/en\\\/flexibel-inflyttning-fram-till-midsommar-2024\\\/\"]}]},{\"@type\":\"BreadcrumbList\",\"@id\":\"https:\\\/\\\/patriam.se\\\/en\\\/flexibel-inflyttning-fram-till-midsommar-2024\\\/#breadcrumb\",\"itemListElement\":[{\"@type\":\"ListItem\",\"position\":1,\"name\":\"Hem\",\"item\":\"https:\\\/\\\/patriam.se\\\/en\\\/\"},{\"@type\":\"ListItem\",\"position\":2,\"name\":\"Flexibel inflyttning fram till sommaren 2024\"}]},{\"@type\":\"WebSite\",\"@id\":\"https:\\\/\\\/patriam.se\\\/#website\",\"url\":\"https:\\\/\\\/patriam.se\\\/\",\"name\":\"Patriam\",\"description\":\"\",\"potentialAction\":[{\"@type\":\"SearchAction\",\"target\":{\"@type\":\"EntryPoint\",\"urlTemplate\":\"https:\\\/\\\/patriam.se\\\/?s={search_term_string}\"},\"query-input\":{\"@type\":\"PropertyValueSpecification\",\"valueRequired\":true,\"valueName\":\"search_term_string\"}}],\"inLanguage\":\"en-US\"}]}<\/script>\n<!-- \/ Yoast SEO plugin. -->","yoast_head_json":{"title":"Flexibel inflyttning fram till sommaren 2024 - Patriam","robots":{"index":"index","follow":"follow","max-snippet":"max-snippet:-1","max-image-preview":"max-image-preview:large","max-video-preview":"max-video-preview:-1"},"canonical":"https:\/\/patriam.se\/en\/flexibel-inflyttning-fram-till-midsommar-2024\/","og_locale":"en_US","og_type":"article","og_title":"Flexibel inflyttning fram till sommaren 2024 - Patriam","og_description":"&nbsp; Vi vill att det ska vara enkelt att hitta hem till Patriam Torsvik. Men vi vet ocks\u00e5 att saker kan komma emellan. Livet till exempel. D\u00e4rf\u00f6r erbjuder vi flexibel inflyttning fram till sommaren 2024. Det ger dig m\u00f6jlighet att s\u00e4lja i lugn och ro \u2013 eller skapa lite st\u00f6rre utrymme f\u00f6r att f\u00e5 ihop [&hellip;]","og_url":"https:\/\/patriam.se\/en\/flexibel-inflyttning-fram-till-midsommar-2024\/","og_site_name":"Patriam","article_modified_time":"2024-04-08T12:17:35+00:00","twitter_card":"summary_large_image","twitter_misc":{"Est. reading time":"1 minute"},"schema":{"@context":"https:\/\/schema.org","@graph":[{"@type":"WebPage","@id":"https:\/\/patriam.se\/en\/flexibel-inflyttning-fram-till-midsommar-2024\/","url":"https:\/\/patriam.se\/en\/flexibel-inflyttning-fram-till-midsommar-2024\/","name":"Flexibel inflyttning fram till sommaren 2024 - Patriam","isPartOf":{"@id":"https:\/\/patriam.se\/#website"},"datePublished":"2023-12-13T03:28:53+00:00","dateModified":"2024-04-08T12:17:35+00:00","breadcrumb":{"@id":"https:\/\/patriam.se\/en\/flexibel-inflyttning-fram-till-midsommar-2024\/#breadcrumb"},"inLanguage":"en-US","potentialAction":[{"@type":"ReadAction","target":["https:\/\/patriam.se\/en\/flexibel-inflyttning-fram-till-midsommar-2024\/"]}]},{"@type":"BreadcrumbList","@id":"https:\/\/patriam.se\/en\/flexibel-inflyttning-fram-till-midsommar-2024\/#breadcrumb","itemListElement":[{"@type":"ListItem","position":1,"name":"Hem","item":"https:\/\/patriam.se\/en\/"},{"@type":"ListItem","position":2,"name":"Flexibel inflyttning fram till sommaren 2024"}]},{"@type":"WebSite","@id":"https:\/\/patriam.se\/#website","url":"https:\/\/patriam.se\/","name":"Patriam","description":"","potentialAction":[{"@type":"SearchAction","target":{"@type":"EntryPoint","urlTemplate":"https:\/\/patriam.se\/?s={search_term_string}"},"query-input":{"@type":"PropertyValueSpecification","valueRequired":true,"valueName":"search_term_string"}}],"inLanguage":"en-US"}]}},"_links":{"self":[{"href":"https:\/\/patriam.se\/en\/wp-json\/wp\/v2\/pages\/144494\/"}],"collection":[{"href":"https:\/\/patriam.se\/en\/wp-json\/wp\/v2\/pages\/"}],"about":[{"href":"https:\/\/patriam.se\/en\/wp-json\/wp\/v2\/types\/page\/"}],"author":[{"embeddable":true,"href":"https:\/\/patriam.se\/en\/wp-json\/wp\/v2\/users\/1\/"}],"replies":[{"embeddable":true,"href":"https:\/\/patriam.se\/en\/wp-json\/wp\/v2\/comments\/?post=144494"}],"version-history":[{"count":0,"href":"https:\/\/patriam.se\/en\/wp-json\/wp\/v2\/pages\/144494\/revisions\/"}],"wp:attachment":[{"href":"https:\/\/patriam.se\/en\/wp-json\/wp\/v2\/media\/?parent=144494"}],"curies":[{"name":"wp","href":"https:\/\/api.w.org\/{rel}","templated":true}]}}